{"id":657,"date":"2024-08-13T13:28:24","date_gmt":"2024-08-13T13:28:24","guid":{"rendered":"https:\/\/omni-hitech.com\/iletisim\/"},"modified":"2024-10-01T10:58:33","modified_gmt":"2024-10-01T10:58:33","slug":"contact","status":"publish","type":"page","link":"https:\/\/omni-hitech.com\/en\/contact\/","title":{"rendered":"Contact"},"content":{"rendered":"\t\t<div data-elementor-type=\"wp-page\" data-elementor-id=\"657\" class=\"elementor elementor-657 elementor-71\" data-elementor-post-type=\"page\">\n\t\t\t\t<div class=\"elementor-element elementor-element-35b8dc07 e-flex e-con-boxed e-con e-parent\" data-id=\"35b8dc07\" data-element_type=\"container\" data-settings=\"{&quot;background_background&quot;:&quot;gradient&quot;}\">\n\t\t\t\t\t<div class=\"e-con-inner\">\n\t\t<div class=\"elementor-element elementor-element-328d47e e-con-full e-flex e-con e-child\" data-id=\"328d47e\" data-element_type=\"container\">\n\t\t\t\t<div class=\"elementor-element elementor-element-4b2d00bd elementor-widget__width-inherit elementor-invisible elementor-widget elementor-widget-heading\" data-id=\"4b2d00bd\" data-element_type=\"widget\" data-settings=\"{&quot;_animation&quot;:&quot;fadeInUp&quot;}\" data-widget_type=\"heading.default\">\n\t\t\t\t<div class=\"elementor-widget-container\">\n\t\t\t<h5 class=\"elementor-heading-title elementor-size-default\">Contact us<\/h5>\t\t<\/div>\n\t\t\t\t<\/div>\n\t\t\t\t<div class=\"elementor-element elementor-element-427b3596 elementor-widget__width-initial elementor-widget-mobile__width-inherit elementor-invisible elementor-widget elementor-widget-jkit_animated_text\" data-id=\"427b3596\" data-element_type=\"widget\" data-settings=\"{&quot;_animation_delay&quot;:200,&quot;_animation&quot;:&quot;fadeInUp&quot;}\" data-widget_type=\"jkit_animated_text.default\">\n\t\t\t\t<div class=\"elementor-widget-container\">\n\t\t\t<div  class=\"jeg-elementor-kit jkit-animated-text jeg_module___69d79c20295a9\"  data-style=\"highlighted\" data-text=\"Now\" data-shape=\"underline\"><h1 class=\"animated-text\"><span class=\"normal-text style-color\">Contact Us <\/span><span class=\"dynamic-wrapper style-color\"><span class=\"dynamic-text\">Now<\/span><svg xmlns=\"http:\/\/www.w3.org\/2000\/svg\" viewBox=\"0 0 500 150\" preserveAspectRatio=\"none\"><path class=\"style-color\"  d=\"M3,77.5s200.54-11,493,0\" transform=\"translate(-2.75 -68.11)\"\/><\/svg><\/span><span class=\"normal-text style-color\"><\/span><\/h1><\/div>\t\t<\/div>\n\t\t\t\t<\/div>\n\t\t\t\t<\/div>\n\t\t\t\t\t<\/div>\n\t\t\t\t<\/div>\n\t\t<div class=\"elementor-element elementor-element-f9ad55b e-flex e-con-boxed e-con e-parent\" data-id=\"f9ad55b\" data-element_type=\"container\">\n\t\t\t\t\t<div class=\"e-con-inner\">\n\t\t<div class=\"elementor-element elementor-element-2f02b4f2 e-con-full e-flex e-con e-child\" data-id=\"2f02b4f2\" data-element_type=\"container\" data-settings=\"{&quot;background_background&quot;:&quot;classic&quot;}\">\n\t\t<div class=\"elementor-element elementor-element-3955ccfa e-flex e-con-boxed e-con e-child\" data-id=\"3955ccfa\" data-element_type=\"container\">\n\t\t\t\t\t<div class=\"e-con-inner\">\n\t\t\t\t<div class=\"elementor-element elementor-element-4454c6c8 elementor-widget__width-inherit elementor-widget elementor-widget-jkit_heading\" data-id=\"4454c6c8\" data-element_type=\"widget\" data-widget_type=\"jkit_heading.default\">\n\t\t\t\t<div class=\"elementor-widget-container\">\n\t\t\t<div  class=\"jeg-elementor-kit jkit-heading  align- align-tablet- align-mobile- jeg_module__1_69d79c202cb2f\" ><div class=\"heading-section-title  display-inline-block\"><h3 class=\"heading-title\"><span class=\"style-color\"><span>Contact Form<\/span><\/span><\/h3><\/div><\/div>\t\t<\/div>\n\t\t\t\t<\/div>\n\t\t\t\t<div class=\"elementor-element elementor-element-805c4ec elementor-button-align-stretch elementor-widget elementor-widget-form\" data-id=\"805c4ec\" data-element_type=\"widget\" data-settings=\"{&quot;step_next_label&quot;:&quot;Next&quot;,&quot;step_previous_label&quot;:&quot;Previous&quot;,&quot;button_width&quot;:&quot;100&quot;,&quot;step_type&quot;:&quot;number_text&quot;,&quot;step_icon_shape&quot;:&quot;circle&quot;}\" data-widget_type=\"form.default\">\n\t\t\t\t<div class=\"elementor-widget-container\">\n\t\t\t\t\t<form class=\"elementor-form\" method=\"post\" name=\"New Form\">\n\t\t\t<input type=\"hidden\" name=\"post_id\" value=\"657\"\/>\n\t\t\t<input type=\"hidden\" name=\"form_id\" value=\"805c4ec\"\/>\n\t\t\t<input type=\"hidden\" name=\"referer_title\" value=\"Contact\" \/>\n\n\t\t\t\t\t\t\t<input type=\"hidden\" name=\"queried_id\" value=\"657\"\/>\n\t\t\t\n\t\t\t<div class=\"elementor-form-fields-wrapper elementor-labels-\">\n\t\t\t\t\t\t\t\t<div class=\"elementor-field-type-text elementor-field-group elementor-column elementor-field-group-name elementor-col-100\">\n\t\t\t\t\t\t\t\t\t\t\t\t<label for=\"form-field-name\" class=\"elementor-field-label elementor-screen-only\">\n\t\t\t\t\t\t\t\tName Surname\t\t\t\t\t\t\t<\/label>\n\t\t\t\t\t\t\t\t\t\t\t\t\t\t<input size=\"1\" type=\"text\" name=\"form_fields[name]\" id=\"form-field-name\" class=\"elementor-field elementor-size-sm  elementor-field-textual\" placeholder=\"Name Surname\">\n\t\t\t\t\t\t\t\t\t\t\t<\/div>\n\t\t\t\t\t\t\t\t<div class=\"elementor-field-type-tel elementor-field-group elementor-column elementor-field-group-field_dad317a elementor-col-100\">\n\t\t\t\t\t\t\t\t\t\t\t\t<label for=\"form-field-field_dad317a\" class=\"elementor-field-label elementor-screen-only\">\n\t\t\t\t\t\t\t\tPhone\t\t\t\t\t\t\t<\/label>\n\t\t\t\t\t\t\t\t<input size=\"1\" type=\"tel\" name=\"form_fields[field_dad317a]\" id=\"form-field-field_dad317a\" class=\"elementor-field elementor-size-sm  elementor-field-textual\" placeholder=\"Phone\" pattern=\"[0-9()#&amp;+*-=.]+\" title=\"Only numbers and phone characters (#, -, *, etc) are accepted.\">\n\n\t\t\t\t\t\t<\/div>\n\t\t\t\t\t\t\t\t<div class=\"elementor-field-type-email elementor-field-group elementor-column elementor-field-group-email elementor-col-100 elementor-field-required\">\n\t\t\t\t\t\t\t\t\t\t\t\t<label for=\"form-field-email\" class=\"elementor-field-label elementor-screen-only\">\n\t\t\t\t\t\t\t\tEmail\t\t\t\t\t\t\t<\/label>\n\t\t\t\t\t\t\t\t\t\t\t\t\t\t<input size=\"1\" type=\"email\" name=\"form_fields[email]\" id=\"form-field-email\" class=\"elementor-field elementor-size-sm  elementor-field-textual\" placeholder=\"Email\" required=\"required\" aria-required=\"true\">\n\t\t\t\t\t\t\t\t\t\t\t<\/div>\n\t\t\t\t\t\t\t\t<div class=\"elementor-field-type-textarea elementor-field-group elementor-column elementor-field-group-message elementor-col-100\">\n\t\t\t\t\t\t\t\t\t\t\t\t<label for=\"form-field-message\" class=\"elementor-field-label elementor-screen-only\">\n\t\t\t\t\t\t\t\tYour Message\t\t\t\t\t\t\t<\/label>\n\t\t\t\t\t\t<textarea class=\"elementor-field-textual elementor-field  elementor-size-sm\" name=\"form_fields[message]\" id=\"form-field-message\" rows=\"4\" placeholder=\"Your Message\"><\/textarea>\t\t\t\t<\/div>\n\t\t\t\t\t\t\t\t<div class=\"elementor-field-group elementor-column elementor-field-type-submit elementor-col-100 e-form__buttons\">\n\t\t\t\t\t<button class=\"elementor-button elementor-size-sm\" type=\"submit\">\n\t\t\t\t\t\t<span class=\"elementor-button-content-wrapper\">\n\t\t\t\t\t\t\t\t\t\t\t\t\t\t\t\t\t\t\t\t\t\t<span class=\"elementor-button-text\">Send Message<\/span>\n\t\t\t\t\t\t\t\t\t\t\t\t\t<\/span>\n\t\t\t\t\t<\/button>\n\t\t\t\t<\/div>\n\t\t\t<\/div>\n\t\t<\/form>\n\t\t\t\t<\/div>\n\t\t\t\t<\/div>\n\t\t\t\t\t<\/div>\n\t\t\t\t<\/div>\n\t\t<div class=\"elementor-element elementor-element-5c3030a0 e-con-full e-flex e-con e-child\" data-id=\"5c3030a0\" data-element_type=\"container\" data-settings=\"{&quot;background_background&quot;:&quot;classic&quot;}\">\n\t\t\t\t<div class=\"elementor-element elementor-element-2fb6939e elementor-widget__width-inherit elementor-widget elementor-widget-text-editor\" data-id=\"2fb6939e\" data-element_type=\"widget\" data-widget_type=\"text-editor.default\">\n\t\t\t\t<div class=\"elementor-widget-container\">\n\t\t\t\t\t\t\t<p>Redefined Efficiency<\/p>\t\t\t\t\t\t<\/div>\n\t\t\t\t<\/div>\n\t\t<div class=\"elementor-element elementor-element-5453feaf e-con-full e-flex e-con e-child\" data-id=\"5453feaf\" data-element_type=\"container\">\n\t\t<div class=\"elementor-element elementor-element-1f232c48 e-con-full e-flex e-con e-child\" data-id=\"1f232c48\" data-element_type=\"container\">\n\t\t\t\t<\/div>\n\t\t<div class=\"elementor-element elementor-element-57c803ca e-con-full e-flex e-con e-child\" data-id=\"57c803ca\" data-element_type=\"container\">\n\t\t\t\t<div class=\"elementor-element elementor-element-7e93a8c0 elementor-widget__width-initial elementor-widget elementor-widget-image\" data-id=\"7e93a8c0\" data-element_type=\"widget\" data-widget_type=\"image.default\">\n\t\t\t\t<div class=\"elementor-widget-container\">\n\t\t\t\t\t\t\t\t\t\t\t\t\t<img fetchpriority=\"high\" decoding=\"async\" width=\"1163\" height=\"459\" src=\"https:\/\/omni-hitech.com\/wp-content\/uploads\/2024\/08\/omni-logo-white.png\" class=\"attachment-2048x2048 size-2048x2048 wp-image-128\" alt=\"\" srcset=\"https:\/\/omni-hitech.com\/wp-content\/uploads\/2024\/08\/omni-logo-white.png 1163w, https:\/\/omni-hitech.com\/wp-content\/uploads\/2024\/08\/omni-logo-white-300x118.png 300w, https:\/\/omni-hitech.com\/wp-content\/uploads\/2024\/08\/omni-logo-white-1024x404.png 1024w, https:\/\/omni-hitech.com\/wp-content\/uploads\/2024\/08\/omni-logo-white-768x303.png 768w\" sizes=\"(max-width: 1163px) 100vw, 1163px\" \/>\t\t\t\t\t\t\t\t\t\t\t\t\t<\/div>\n\t\t\t\t<\/div>\n\t\t\t\t<\/div>\n\t\t\t\t<\/div>\n\t\t\t\t<\/div>\n\t\t\t\t<\/div>\n\t\t\t\t\t<\/div>\n\t\t\t\t<\/div>\n\t\t<div class=\"elementor-element elementor-element-fdf469b e-flex e-con-boxed e-con e-parent\" data-id=\"fdf469b\" data-element_type=\"container\">\n\t\t\t\t\t<div class=\"e-con-inner\">\n\t\t\t\t<div class=\"elementor-element elementor-element-e0301b9 elementor-widget elementor-widget-google_maps\" data-id=\"e0301b9\" data-element_type=\"widget\" data-widget_type=\"google_maps.default\">\n\t\t\t\t<div class=\"elementor-widget-container\">\n\t\t\t\t\t<div class=\"elementor-custom-embed\">\n\t\t\t<iframe loading=\"lazy\"\n\t\t\t\t\tsrc=\"https:\/\/maps.google.com\/maps?q=Omni%20y%C3%BCksek%20teknoloji%20a.%C5%9F&#038;t=m&#038;z=16&#038;output=embed&#038;iwloc=near\"\n\t\t\t\t\ttitle=\"Omni y\u00fcksek teknoloji a.\u015f\"\n\t\t\t\t\taria-label=\"Omni y\u00fcksek teknoloji a.\u015f\"\n\t\t\t><\/iframe>\n\t\t<\/div>\n\t\t\t\t<\/div>\n\t\t\t\t<\/div>\n\t\t\t\t\t<\/div>\n\t\t\t\t<\/div>\n\t\t<div class=\"elementor-element elementor-element-5fd651cd e-flex e-con-boxed e-con e-parent\" data-id=\"5fd651cd\" data-element_type=\"container\">\n\t\t\t\t\t<div class=\"e-con-inner\">\n\t\t<div class=\"elementor-element elementor-element-181f0210 e-con-full e-flex e-con e-child\" data-id=\"181f0210\" data-element_type=\"container\">\n\t\t\t\t<div class=\"elementor-element elementor-element-691b5f36 jkit-equal-height-disable elementor-widget elementor-widget-jkit_icon_box\" data-id=\"691b5f36\" data-element_type=\"widget\" data-widget_type=\"jkit_icon_box.default\">\n\t\t\t\t<div class=\"elementor-widget-container\">\n\t\t\t<div  class=\"jeg-elementor-kit jkit-icon-box icon-position-top elementor-animation- jeg_module__2_69d79c202ffba\" ><div class=\"jkit-icon-box-wrapper hover-from-left\"><div class=\"icon-box icon-box-header elementor-animation-float\"><div class=\"icon style-color\"><i aria-hidden=\"true\" class=\"jki jki-map-marker1-light\"><\/i><\/div><\/div><div class=\"icon-box icon-box-body\">\n                <h6 class=\"title\">Address<\/h6><p class=\"icon-box-description\"><b>OMN\u0130 Y\u00dcKSEK TEKNOLOJ\u0130 MAK\u0130NE SANAY\u0130 A.\u015e. <\/b><br \/>\nNam\u0131k Kemal Mah. 120. Sk. No:16<br \/>\nEsenyurt - \u0130stanbul - T\u00dcRK\u0130YE<\/p>\n            <\/div>\n            \n            <\/div><\/div>\t\t<\/div>\n\t\t\t\t<\/div>\n\t\t\t\t<\/div>\n\t\t<div class=\"elementor-element elementor-element-4f349e43 e-con-full e-flex e-con e-child\" data-id=\"4f349e43\" data-element_type=\"container\">\n\t\t\t\t<div class=\"elementor-element elementor-element-a713931 jkit-equal-height-disable elementor-widget elementor-widget-jkit_icon_box\" data-id=\"a713931\" data-element_type=\"widget\" data-widget_type=\"jkit_icon_box.default\">\n\t\t\t\t<div class=\"elementor-widget-container\">\n\t\t\t<div  class=\"jeg-elementor-kit jkit-icon-box icon-position-top elementor-animation- jeg_module__3_69d79c2030edd\" ><div class=\"jkit-icon-box-wrapper hover-from-left\"><div class=\"icon-box icon-box-header elementor-animation-float\"><div class=\"icon style-color\"><i aria-hidden=\"true\" class=\"jki jki-envelope1-light\"><\/i><\/div><\/div><div class=\"icon-box icon-box-body\">\n                <h6 class=\"title\">Email<\/h6><p class=\"icon-box-description\"><a href=\"mailto:info@omni-hitech.com\">info@omni-hitech.com<\/a><br \/>\n<a href=\"mailto:ml@omni-hitech.com\">ml@omni-hitech.com<\/a><\/p>\n            <\/div>\n            \n            <\/div><\/div>\t\t<\/div>\n\t\t\t\t<\/div>\n\t\t\t\t<\/div>\n\t\t<div class=\"elementor-element elementor-element-6bc23e85 e-con-full e-flex e-con e-child\" data-id=\"6bc23e85\" data-element_type=\"container\">\n\t\t\t\t<div class=\"elementor-element elementor-element-5cb20d16 jkit-equal-height-disable elementor-widget elementor-widget-jkit_icon_box\" data-id=\"5cb20d16\" data-element_type=\"widget\" data-widget_type=\"jkit_icon_box.default\">\n\t\t\t\t<div class=\"elementor-widget-container\">\n\t\t\t<div  class=\"jeg-elementor-kit jkit-icon-box icon-position-top elementor-animation- jeg_module__4_69d79c20316ee\" ><div class=\"jkit-icon-box-wrapper hover-from-left\"><div class=\"icon-box icon-box-header elementor-animation-float\"><div class=\"icon style-color\"><i aria-hidden=\"true\" class=\"jki jki-phone-handset-light\"><\/i><\/div><\/div><div class=\"icon-box icon-box-body\">\n                <h6 class=\"title\">Phone<\/h6><p class=\"icon-box-description\"><a href=\"tel:+902124237323\">+90 (212) 423 73 23<\/a><br \/>\n<a href=\"tel:+905456766264\">+90 (545) 676 62 64 <\/a><\/p>\n            <\/div>\n            \n            <\/div><\/div>\t\t<\/div>\n\t\t\t\t<\/div>\n\t\t\t\t<\/div>\n\t\t\t\t\t<\/div>\n\t\t\t\t<\/div>\n\t\t\t\t<\/div>\n\t\t","protected":false},"excerpt":{"rendered":"<p>Contact us Contact Us Now Contact Form Redefined Efficiency Address OMN\u0130 Y\u00dcKSEK TEKNOLOJ\u0130 MAK\u0130NE SANAY\u0130 A.\u015e. Nam\u0131k Kemal Mah. 120. Sk. No:16 Esenyurt &#8211; \u0130stanbul &#8211; T\u00dcRK\u0130YE Email info@omni-hitech.com ml@omni-hitech.com Phone +90 (212) 423 73 23 +90 (545) 676 62 64<\/p>\n","protected":false},"author":1,"featured_media":0,"parent":0,"menu_order":0,"comment_status":"closed","ping_status":"closed","template":"elementor_header_footer","meta":{"footnotes":""},"class_list":["post-657","page","type-page","status-publish","hentry"],"_links":{"self":[{"href":"https:\/\/omni-hitech.com\/en\/wp-json\/wp\/v2\/pages\/657","targetHints":{"allow":["GET"]}}],"collection":[{"href":"https:\/\/omni-hitech.com\/en\/wp-json\/wp\/v2\/pages"}],"about":[{"href":"https:\/\/omni-hitech.com\/en\/wp-json\/wp\/v2\/types\/page"}],"author":[{"embeddable":true,"href":"https:\/\/omni-hitech.com\/en\/wp-json\/wp\/v2\/users\/1"}],"replies":[{"embeddable":true,"href":"https:\/\/omni-hitech.com\/en\/wp-json\/wp\/v2\/comments?post=657"}],"version-history":[{"count":16,"href":"https:\/\/omni-hitech.com\/en\/wp-json\/wp\/v2\/pages\/657\/revisions"}],"predecessor-version":[{"id":757,"href":"https:\/\/omni-hitech.com\/en\/wp-json\/wp\/v2\/pages\/657\/revisions\/757"}],"wp:attachment":[{"href":"https:\/\/omni-hitech.com\/en\/wp-json\/wp\/v2\/media?parent=657"}],"curies":[{"name":"wp","href":"https:\/\/api.w.org\/{rel}","templated":true}]}}