{"id":647,"date":"2024-08-13T13:28:11","date_gmt":"2024-08-13T13:28:11","guid":{"rendered":"https:\/\/omni-hitech.com\/hakkimizda\/"},"modified":"2024-10-07T14:42:40","modified_gmt":"2024-10-07T14:42:40","slug":"about-us","status":"publish","type":"page","link":"https:\/\/omni-hitech.com\/en\/about-us\/","title":{"rendered":"About Us"},"content":{"rendered":"\t\t<div data-elementor-type=\"wp-page\" data-elementor-id=\"647\" class=\"elementor elementor-647 elementor-69\" data-elementor-post-type=\"page\">\n\t\t\t\t<div class=\"elementor-element elementor-element-7c647d72 e-flex e-con-boxed e-con e-parent\" data-id=\"7c647d72\" data-element_type=\"container\" data-settings=\"{&quot;background_background&quot;:&quot;gradient&quot;}\">\n\t\t\t\t\t<div class=\"e-con-inner\">\n\t\t<div class=\"elementor-element elementor-element-265d9268 e-con-full e-flex e-con e-child\" data-id=\"265d9268\" data-element_type=\"container\">\n\t\t\t\t<div class=\"elementor-element elementor-element-6b838c1a elementor-widget__width-initial elementor-invisible elementor-widget elementor-widget-heading\" data-id=\"6b838c1a\" data-element_type=\"widget\" data-settings=\"{&quot;_animation&quot;:&quot;fadeInUp&quot;}\" data-widget_type=\"heading.default\">\n\t\t\t\t<div class=\"elementor-widget-container\">\n\t\t\t<h5 class=\"elementor-heading-title elementor-size-default\">About Us<\/h5>\t\t<\/div>\n\t\t\t\t<\/div>\n\t\t\t\t<div class=\"elementor-element elementor-element-36214276 elementor-widget__width-initial elementor-widget-mobile__width-inherit elementor-invisible elementor-widget elementor-widget-jkit_animated_text\" data-id=\"36214276\" data-element_type=\"widget\" data-settings=\"{&quot;_animation_delay&quot;:200,&quot;_animation&quot;:&quot;fadeInUp&quot;}\" data-widget_type=\"jkit_animated_text.default\">\n\t\t\t\t<div class=\"elementor-widget-container\">\n\t\t\t<div  class=\"jeg-elementor-kit jkit-animated-text jeg_module___69d785cb24017\"  data-style=\"highlighted\" data-text=\"YEARS \" data-shape=\"underline\"><h1 class=\"animated-text\"><span class=\"normal-text style-color\">50 <\/span><span class=\"dynamic-wrapper style-color\"><span class=\"dynamic-text\">YEARS <\/span><svg xmlns=\"http:\/\/www.w3.org\/2000\/svg\" viewBox=\"0 0 500 150\" preserveAspectRatio=\"none\"><path class=\"style-color\"  d=\"M3,77.5s200.54-11,493,0\" transform=\"translate(-2.75 -68.11)\"\/><\/svg><\/span><span class=\"normal-text style-color\"> OF EXPERIENCE<\/span><\/h1><\/div>\t\t<\/div>\n\t\t\t\t<\/div>\n\t\t\t\t<\/div>\n\t\t\t\t\t<\/div>\n\t\t\t\t<\/div>\n\t\t<div class=\"elementor-element elementor-element-255bb37 e-flex e-con-boxed e-con e-parent\" data-id=\"255bb37\" data-element_type=\"container\">\n\t\t\t\t\t<div class=\"e-con-inner\">\n\t\t\t\t<div class=\"elementor-element elementor-element-26bede5 elementor-widget elementor-widget-image\" data-id=\"26bede5\" data-element_type=\"widget\" data-widget_type=\"image.default\">\n\t\t\t\t<div class=\"elementor-widget-container\">\n\t\t\t\t\t\t\t\t\t\t\t\t\t<img fetchpriority=\"high\" decoding=\"async\" width=\"1920\" height=\"883\" src=\"https:\/\/omni-hitech.com\/wp-content\/uploads\/2024\/08\/omni-makine.png\" class=\"attachment-full size-full wp-image-185\" alt=\"\" srcset=\"https:\/\/omni-hitech.com\/wp-content\/uploads\/2024\/08\/omni-makine.png 1920w, https:\/\/omni-hitech.com\/wp-content\/uploads\/2024\/08\/omni-makine-300x138.png 300w, https:\/\/omni-hitech.com\/wp-content\/uploads\/2024\/08\/omni-makine-1024x471.png 1024w, https:\/\/omni-hitech.com\/wp-content\/uploads\/2024\/08\/omni-makine-768x353.png 768w, https:\/\/omni-hitech.com\/wp-content\/uploads\/2024\/08\/omni-makine-1536x706.png 1536w\" sizes=\"(max-width: 1920px) 100vw, 1920px\" \/>\t\t\t\t\t\t\t\t\t\t\t\t\t<\/div>\n\t\t\t\t<\/div>\n\t\t\t\t\t<\/div>\n\t\t\t\t<\/div>\n\t\t<div class=\"elementor-element elementor-element-31664893 e-flex e-con-boxed e-con e-parent\" data-id=\"31664893\" data-element_type=\"container\">\n\t\t\t\t\t<div class=\"e-con-inner\">\n\t\t<div class=\"elementor-element elementor-element-4cc1af9f e-con-full e-flex e-con e-child\" data-id=\"4cc1af9f\" data-element_type=\"container\">\n\t\t<div class=\"elementor-element elementor-element-747346b8 e-con-full e-flex e-con e-child\" data-id=\"747346b8\" data-element_type=\"container\">\n\t\t\t\t<div class=\"elementor-element elementor-element-8a94309 elementor-widget elementor-widget-image\" data-id=\"8a94309\" data-element_type=\"widget\" data-widget_type=\"image.default\">\n\t\t\t\t<div class=\"elementor-widget-container\">\n\t\t\t\t\t\t\t\t\t\t\t\t\t<img decoding=\"async\" width=\"683\" height=\"1024\" src=\"https:\/\/omni-hitech.com\/wp-content\/uploads\/2024\/08\/omni-makina-bgs-683x1024.jpg\" class=\"attachment-large size-large wp-image-316\" alt=\"\" srcset=\"https:\/\/omni-hitech.com\/wp-content\/uploads\/2024\/08\/omni-makina-bgs-683x1024.jpg 683w, https:\/\/omni-hitech.com\/wp-content\/uploads\/2024\/08\/omni-makina-bgs-200x300.jpg 200w, https:\/\/omni-hitech.com\/wp-content\/uploads\/2024\/08\/omni-makina-bgs-768x1152.jpg 768w, https:\/\/omni-hitech.com\/wp-content\/uploads\/2024\/08\/omni-makina-bgs-1024x1536.jpg 1024w, https:\/\/omni-hitech.com\/wp-content\/uploads\/2024\/08\/omni-makina-bgs.jpg 1280w\" sizes=\"(max-width: 683px) 100vw, 683px\" \/>\t\t\t\t\t\t\t\t\t\t\t\t\t<\/div>\n\t\t\t\t<\/div>\n\t\t\t\t<\/div>\n\t\t<div class=\"elementor-element elementor-element-1f5cba77 e-con-full e-flex e-con e-child\" data-id=\"1f5cba77\" data-element_type=\"container\">\n\t\t\t\t<div class=\"elementor-element elementor-element-3e23c9e elementor-widget__width-inherit elementor-widget elementor-widget-heading\" data-id=\"3e23c9e\" data-element_type=\"widget\" data-widget_type=\"heading.default\">\n\t\t\t\t<div class=\"elementor-widget-container\">\n\t\t\t<h5 class=\"elementor-heading-title elementor-size-default\">Our founder K\u00dcR\u015eAT G\u00dcZEL:<\/h5>\t\t<\/div>\n\t\t\t\t<\/div>\n\t\t\t\t<div class=\"elementor-element elementor-element-35fb16e4 elementor-widget__width-initial elementor-widget elementor-widget-text-editor\" data-id=\"35fb16e4\" data-element_type=\"widget\" data-widget_type=\"text-editor.default\">\n\t\t\t\t<div class=\"elementor-widget-container\">\n\t\t\t\t\t\t\t<p>Born in 1965, graduated from Istanbul Technical University Industrial Engineering. He grew up in the family company that has been producing Thermoformed products since 1974. He has gained nearly 50 years of experience in all stages of the process, from extrusion to thermoforming machines, from packaging machines to recycling machines. He served as the second generation manager of this company for many years.<\/p><p>In 2022, he decided to quit the production of thermoforming products and leave the production sector com-pletely and use these years of knowledge and experience to produce thermoforming machines. He founded<strong> OMN\u0130 Y\u00dcKSEK TEKNOLOJ\u0130 MAK\u0130NE SANAY\u0130 A.\u015e.<\/strong> to realize his dream of becoming the best thermoforming machine manufacturer in the world. Mr. K\u00dcR\u015eAT\u2019S vision is to meet the expectations of the employer on the side that uses thermoforming machines, the operators on the user side, and the technical team on the machine maintenance side, at the highest level.<\/p><p>In addition, to ensure the production of all machines and equipment needed by thermoforming product manufacturers in the highest quality, highest performance and longest life, not only making the best machine, but also establishing the same high quality molding shop in order to provide full service to customers.<\/p>\t\t\t\t\t\t<\/div>\n\t\t\t\t<\/div>\n\t\t\t\t<\/div>\n\t\t\t\t<\/div>\n\t\t\t\t\t<\/div>\n\t\t\t\t<\/div>\n\t\t<div class=\"elementor-element elementor-element-6842fa0 e-flex e-con-boxed e-con e-parent\" data-id=\"6842fa0\" data-element_type=\"container\" data-settings=\"{&quot;background_background&quot;:&quot;classic&quot;}\">\n\t\t\t\t\t<div class=\"e-con-inner\">\n\t\t<div class=\"elementor-element elementor-element-15fbbad6 e-con-full e-flex e-con e-child\" data-id=\"15fbbad6\" data-element_type=\"container\">\n\t\t<div class=\"elementor-element elementor-element-6099766f e-con-full e-flex e-con e-child\" data-id=\"6099766f\" data-element_type=\"container\">\n\t\t\t\t<div class=\"elementor-element elementor-element-47d65c77 elementor-widget elementor-widget-jkit_fun_fact\" data-id=\"47d65c77\" data-element_type=\"widget\" data-widget_type=\"jkit_fun_fact.default\">\n\t\t\t\t<div class=\"elementor-widget-container\">\n\t\t\t<div  class=\"jeg-elementor-kit jkit-fun-fact align-center hover-from-left elementor-animation- jeg_module__1_69d785cb267dc\" ><div class=fun-fact-inner>\n            <div class=\"content\">\n                <div class=\"number-wrapper\"><span class=\"prefix\"><\/span>\n        <span class=\"number\" data-value=\"50\" data-animation-duration=\"3500\">0<\/span>\n        <span class=\"suffix\"><\/span><sup class=\"super\">+<\/sup><\/div>\n                <h2 class=\"title\">Years of Experience<\/h2>\n            <\/div>\n        <\/div><\/div>\t\t<\/div>\n\t\t\t\t<\/div>\n\t\t\t\t<\/div>\n\t\t<div class=\"elementor-element elementor-element-57553e05 e-con-full e-flex e-con e-child\" data-id=\"57553e05\" data-element_type=\"container\">\n\t\t\t\t<div class=\"elementor-element elementor-element-277e6ed6 elementor-widget elementor-widget-jkit_fun_fact\" data-id=\"277e6ed6\" data-element_type=\"widget\" data-widget_type=\"jkit_fun_fact.default\">\n\t\t\t\t<div class=\"elementor-widget-container\">\n\t\t\t<div  class=\"jeg-elementor-kit jkit-fun-fact align-center hover-from-left elementor-animation- jeg_module__2_69d785cb26e2c\" ><div class=fun-fact-inner>\n            <div class=\"content\">\n                <div class=\"number-wrapper\"><span class=\"prefix\"><\/span>\n        <span class=\"number\" data-value=\"100\" data-animation-duration=\"3500\">0<\/span>\n        <span class=\"suffix\"><\/span><sup class=\"super\">%<\/sup><\/div>\n                <h2 class=\"title\">Happy Customer<\/h2>\n            <\/div>\n        <\/div><\/div>\t\t<\/div>\n\t\t\t\t<\/div>\n\t\t\t\t<\/div>\n\t\t<div class=\"elementor-element elementor-element-4ed93d9e e-con-full e-flex e-con e-child\" data-id=\"4ed93d9e\" data-element_type=\"container\">\n\t\t\t\t<div class=\"elementor-element elementor-element-12b39d5d elementor-widget elementor-widget-jkit_fun_fact\" data-id=\"12b39d5d\" data-element_type=\"widget\" data-widget_type=\"jkit_fun_fact.default\">\n\t\t\t\t<div class=\"elementor-widget-container\">\n\t\t\t<div  class=\"jeg-elementor-kit jkit-fun-fact align-center hover-from-left elementor-animation- jeg_module__3_69d785cb2739d\" ><div class=fun-fact-inner>\n            <div class=\"content\">\n                <div class=\"number-wrapper\"><span class=\"prefix\"><\/span>\n        <span class=\"number\" data-value=\"1\" data-animation-duration=\"3500\">0<\/span>\n        <span class=\"suffix\"><\/span><sup class=\"super\">+<\/sup><\/div>\n                <h2 class=\"title\">Project Submission<\/h2>\n            <\/div>\n        <\/div><\/div>\t\t<\/div>\n\t\t\t\t<\/div>\n\t\t\t\t<\/div>\n\t\t<div class=\"elementor-element elementor-element-22cfa093 e-con-full e-flex e-con e-child\" data-id=\"22cfa093\" data-element_type=\"container\">\n\t\t\t\t<div class=\"elementor-element elementor-element-306e7fdc elementor-widget elementor-widget-jkit_fun_fact\" data-id=\"306e7fdc\" data-element_type=\"widget\" data-widget_type=\"jkit_fun_fact.default\">\n\t\t\t\t<div class=\"elementor-widget-container\">\n\t\t\t<div  class=\"jeg-elementor-kit jkit-fun-fact align-center hover-from-left elementor-animation- jeg_module__4_69d785cb278d0\" ><div class=fun-fact-inner>\n            <div class=\"content\">\n                <div class=\"number-wrapper\"><span class=\"prefix\"><\/span>\n        <span class=\"number\" data-value=\"100\" data-animation-duration=\"3500\">0<\/span>\n        <span class=\"suffix\"><\/span><sup class=\"super\">%<\/sup><\/div>\n                <h2 class=\"title\">Support Service<\/h2>\n            <\/div>\n        <\/div><\/div>\t\t<\/div>\n\t\t\t\t<\/div>\n\t\t\t\t<\/div>\n\t\t\t\t<\/div>\n\t\t\t\t\t<\/div>\n\t\t\t\t<\/div>\n\t\t<div class=\"elementor-element elementor-element-233b5a87 e-flex e-con-boxed e-con e-parent\" data-id=\"233b5a87\" data-element_type=\"container\">\n\t\t\t\t\t<div class=\"e-con-inner\">\n\t\t<div class=\"elementor-element elementor-element-3b97038a e-con-full e-flex e-con e-child\" data-id=\"3b97038a\" data-element_type=\"container\">\n\t\t\t\t<div class=\"elementor-element elementor-element-58bd9e92 elementor-widget elementor-widget-image\" data-id=\"58bd9e92\" data-element_type=\"widget\" data-widget_type=\"image.default\">\n\t\t\t\t<div class=\"elementor-widget-container\">\n\t\t\t\t\t\t\t\t\t\t\t\t\t<img decoding=\"async\" width=\"1200\" height=\"1200\" src=\"https:\/\/omni-hitech.com\/wp-content\/uploads\/2024\/08\/omni-makina-bgsa.jpg\" class=\"attachment-full size-full wp-image-318\" alt=\"\" srcset=\"https:\/\/omni-hitech.com\/wp-content\/uploads\/2024\/08\/omni-makina-bgsa.jpg 1200w, https:\/\/omni-hitech.com\/wp-content\/uploads\/2024\/08\/omni-makina-bgsa-300x300.jpg 300w, https:\/\/omni-hitech.com\/wp-content\/uploads\/2024\/08\/omni-makina-bgsa-1024x1024.jpg 1024w, https:\/\/omni-hitech.com\/wp-content\/uploads\/2024\/08\/omni-makina-bgsa-150x150.jpg 150w, https:\/\/omni-hitech.com\/wp-content\/uploads\/2024\/08\/omni-makina-bgsa-768x768.jpg 768w\" sizes=\"(max-width: 1200px) 100vw, 1200px\" \/>\t\t\t\t\t\t\t\t\t\t\t\t\t<\/div>\n\t\t\t\t<\/div>\n\t\t\t\t<\/div>\n\t\t<div class=\"elementor-element elementor-element-3f5466a6 e-con-full e-flex e-con e-child\" data-id=\"3f5466a6\" data-element_type=\"container\">\n\t\t\t\t<div class=\"elementor-element elementor-element-6a66d9f elementor-widget__width-initial elementor-widget elementor-widget-text-editor\" data-id=\"6a66d9f\" data-element_type=\"widget\" data-widget_type=\"text-editor.default\">\n\t\t\t\t<div class=\"elementor-widget-container\">\n\t\t\t\t\t\t\t<p>As <strong>OMN\u0130 MACHINERY<\/strong>, we provide customized and high-quality mold solutions for thermoforming machines. Utilizing CNC Machining Center and 3D Design technologies, we offer our customers molds equipped with the latest technology. Our company aims to be a pioneer in the industry with its research and development-focused approach. We specialize in developing custom designs to meet customer needs. Along with in-mould cutting, we provide fast and efficient solutions to our customers\u2019 demands.<\/p><p>In our mold division we focus on key elements in mold production such as equal cutting, homogeneous shaping, and rapid cooling. With our state-of-the-art equipment and expert team, we deliver the best quality products to our customers. With our commitment to customer satisfaction and quality standards, we are determined to continuously develop new and innovative solutions to help our customers optimize their production processes.<\/p>\t\t\t\t\t\t<\/div>\n\t\t\t\t<\/div>\n\t\t\t\t<\/div>\n\t\t\t\t\t<\/div>\n\t\t\t\t<\/div>\n\t\t<div class=\"elementor-element elementor-element-1b5c7d24 e-flex e-con-boxed e-con e-parent\" data-id=\"1b5c7d24\" data-element_type=\"container\" data-settings=\"{&quot;background_background&quot;:&quot;classic&quot;}\">\n\t\t\t\t\t<div class=\"e-con-inner\">\n\t\t<div class=\"elementor-element elementor-element-a3ffd71 e-con-full e-flex e-con e-child\" data-id=\"a3ffd71\" data-element_type=\"container\" data-settings=\"{&quot;background_background&quot;:&quot;gradient&quot;}\">\n\t\t\t\t<div class=\"elementor-element elementor-element-891a4a8 elementor-widget__width-inherit elementor-widget elementor-widget-heading\" data-id=\"891a4a8\" data-element_type=\"widget\" data-widget_type=\"heading.default\">\n\t\t\t\t<div class=\"elementor-widget-container\">\n\t\t\t<h2 class=\"elementor-heading-title elementor-size-default\">Your Solution in Mould and Thermoforming<\/h2>\t\t<\/div>\n\t\t\t\t<\/div>\n\t\t\t\t<div class=\"elementor-element elementor-element-49060e71 elementor-widget__width-initial elementor-widget elementor-widget-text-editor\" data-id=\"49060e71\" data-element_type=\"widget\" data-widget_type=\"text-editor.default\">\n\t\t\t\t<div class=\"elementor-widget-container\">\n\t\t\t\t\t\t\t<p>PRECISION IN MOTION THERMOFORMING IN ACTION<\/p>\t\t\t\t\t\t<\/div>\n\t\t\t\t<\/div>\n\t\t<div class=\"elementor-element elementor-element-70436a1 e-flex e-con-boxed e-con e-child\" data-id=\"70436a1\" data-element_type=\"container\">\n\t\t\t\t\t<div class=\"e-con-inner\">\n\t\t\t\t<div class=\"elementor-element elementor-element-3dc9547c elementor-widget__width-auto elementor-widget-mobile__width-inherit elementor-widget elementor-widget-jkit_button\" data-id=\"3dc9547c\" data-element_type=\"widget\" data-widget_type=\"jkit_button.default\">\n\t\t\t\t<div class=\"elementor-widget-container\">\n\t\t\t<div  class=\"jeg-elementor-kit jkit-button  icon-position-before jeg_module__5_69d785cb2933c\" ><a href=\"https:\/\/omni-hitech.com\/en\/contact\/\" class=\"jkit-button-wrapper hover-gradient\"><span>Contact<\/span><\/a><\/div>\t\t<\/div>\n\t\t\t\t<\/div>\n\t\t\t\t<div class=\"elementor-element elementor-element-68bb6cc9 elementor-widget__width-auto elementor-widget-mobile__width-inherit elementor-widget elementor-widget-jkit_button\" data-id=\"68bb6cc9\" data-element_type=\"widget\" data-widget_type=\"jkit_button.default\">\n\t\t\t\t<div class=\"elementor-widget-container\">\n\t\t\t<div  class=\"jeg-elementor-kit jkit-button  icon-position-after jeg_module__6_69d785cb29b00\" ><a href=\"https:\/\/omni-hitech.com\/en\/machine\/\" class=\"jkit-button-wrapper\">View Product<i aria-hidden=\"true\" class=\"jki jki-right-arrow-light\"><\/i><\/a><\/div>\t\t<\/div>\n\t\t\t\t<\/div>\n\t\t\t\t\t<\/div>\n\t\t\t\t<\/div>\n\t\t\t\t<\/div>\n\t\t\t\t\t<\/div>\n\t\t\t\t<\/div>\n\t\t\t\t<\/div>\n\t\t","protected":false},"excerpt":{"rendered":"<p>About Us 50 YEARS OF EXPERIENCE Our founder K\u00dcR\u015eAT G\u00dcZEL: Born in 1965, graduated from Istanbul Technical University Industrial Engineering. He grew up in the family company that has been producing Thermoformed products since 1974. He has gained nearly 50 years of experience in all stages of the process, from extrusion to thermoforming machines, from [&hellip;]<\/p>\n","protected":false},"author":1,"featured_media":0,"parent":0,"menu_order":0,"comment_status":"closed","ping_status":"closed","template":"elementor_header_footer","meta":{"footnotes":""},"class_list":["post-647","page","type-page","status-publish","hentry"],"_links":{"self":[{"href":"https:\/\/omni-hitech.com\/en\/wp-json\/wp\/v2\/pages\/647","targetHints":{"allow":["GET"]}}],"collection":[{"href":"https:\/\/omni-hitech.com\/en\/wp-json\/wp\/v2\/pages"}],"about":[{"href":"https:\/\/omni-hitech.com\/en\/wp-json\/wp\/v2\/types\/page"}],"author":[{"embeddable":true,"href":"https:\/\/omni-hitech.com\/en\/wp-json\/wp\/v2\/users\/1"}],"replies":[{"embeddable":true,"href":"https:\/\/omni-hitech.com\/en\/wp-json\/wp\/v2\/comments?post=647"}],"version-history":[{"count":25,"href":"https:\/\/omni-hitech.com\/en\/wp-json\/wp\/v2\/pages\/647\/revisions"}],"predecessor-version":[{"id":801,"href":"https:\/\/omni-hitech.com\/en\/wp-json\/wp\/v2\/pages\/647\/revisions\/801"}],"wp:attachment":[{"href":"https:\/\/omni-hitech.com\/en\/wp-json\/wp\/v2\/media?parent=647"}],"curies":[{"name":"wp","href":"https:\/\/api.w.org\/{rel}","templated":true}]}}